{"id":216,"date":"2014-12-07T22:34:23","date_gmt":"2014-12-07T20:34:23","guid":{"rendered":"http:\/\/wildnistrip.de\/?page_id=216"},"modified":"2014-12-07T22:34:23","modified_gmt":"2014-12-07T20:34:23","slug":"kanadas-osten","status":"publish","type":"page","link":"https:\/\/wildnistrip.de\/?page_id=216","title":{"rendered":"Kanadas Osten"},"content":{"rendered":"<p>Den Osten Kanadas haben wir nicht von seiner glanzvollsten Seite kennen gelernt. Viel Regen und viele viele M\u00fccken. \u00a0Wenn wir den Osten nochmals bereisen w\u00fcrden, w\u00e4re der Herbst mit seinen Farben und seiner M\u00fcckenfreiheit sicher die bessere Zeit.<\/p>\n","protected":false},"excerpt":{"rendered":"<p>Den Osten Kanadas haben wir nicht von seiner glanzvollsten Seite kennen gelernt. Viel Regen und viele viele M\u00fccken. \u00a0Wenn wir den Osten nochmals bereisen w\u00fcrden, w\u00e4re der Herbst mit seinen Farben und seiner M\u00fcckenfreiheit sicher die bessere Zeit.<\/p>\n","protected":false},"author":1,"featured_media":0,"parent":0,"menu_order":0,"comment_status":"open","ping_status":"open","template":"","meta":{"footnotes":""},"class_list":["post-216","page","type-page","status-publish","hentry"],"_links":{"self":[{"href":"https:\/\/wildnistrip.de\/index.php?rest_route=\/wp\/v2\/pages\/216","targetHints":{"allow":["GET"]}}],"collection":[{"href":"https:\/\/wildnistrip.de\/index.php?rest_route=\/wp\/v2\/pages"}],"about":[{"href":"https:\/\/wildnistrip.de\/index.php?rest_route=\/wp\/v2\/types\/page"}],"author":[{"embeddable":true,"href":"https:\/\/wildnistrip.de\/index.php?rest_route=\/wp\/v2\/users\/1"}],"replies":[{"embeddable":true,"href":"https:\/\/wildnistrip.de\/index.php?rest_route=%2Fwp%2Fv2%2Fcomments&post=216"}],"version-history":[{"count":1,"href":"https:\/\/wildnistrip.de\/index.php?rest_route=\/wp\/v2\/pages\/216\/revisions"}],"predecessor-version":[{"id":217,"href":"https:\/\/wildnistrip.de\/index.php?rest_route=\/wp\/v2\/pages\/216\/revisions\/217"}],"wp:attachment":[{"href":"https:\/\/wildnistrip.de\/index.php?rest_route=%2Fwp%2Fv2%2Fmedia&parent=216"}],"curies":[{"name":"wp","href":"https:\/\/api.w.org\/{rel}","templated":true}]}}